{"id":6422,"date":"2019-11-13T09:20:42","date_gmt":"2019-11-13T08:20:42","guid":{"rendered":"https:\/\/garimavoyagetravel.com\/nuovo_sito\/?page_id=6422"},"modified":"2021-04-30T15:27:06","modified_gmt":"2021-04-30T13:27:06","slug":"faq","status":"publish","type":"page","link":"https:\/\/garimavoyagetravel.com\/nuovo_sito\/faq\/","title":{"rendered":"FAQ"},"content":{"rendered":"<p>[vc_row css=&#8221;.vc_custom_1573634372005{padding-top: 100px !important;padding-bottom: 100px !important;}&#8221;][vc_column]<div class=\"mkdf-accordion-holder mkdf-ac-default  mkdf-accordion mkdf-ac-boxed  clearfix\">\n\t<h6 class=\"mkdf-accordion-title\">\n    <span class=\"mkdf-accordion-mark\">\n\t\t<span class=\"mkdf_icon_plus icon_plus\"><\/span>\n\t\t<span class=\"mkdf_icon_minus icon_minus-06\"><\/span>\n\t<\/span>\n\t<span class=\"mkdf-tab-title\">Perche&#039; scegliere Garima Voyage e il Nepal?<\/span>\n<\/h6>\n<div class=\"mkdf-accordion-content\">\n\t<div class=\"mkdf-accordion-content-inner\">\n\t\t<a itemprop=\"url\" href=\"https:\/\/garimavoyagetravel.com\/nuovo_sito\/wp-content\/uploads\/2021\/04\/Cosa-differenzia-GV-1.pdf\" target=\"_blank\"  class=\"mkdf-btn mkdf-btn-large mkdf-btn-solid\"  >\n    <span class=\"mkdf-btn-text\">10 Ragioni per Scegliere Noi e 11 per scegliere il Nepal<\/span>\n    <\/a>\t<\/div>\n<\/div><h6 class=\"mkdf-accordion-title\">\n    <span class=\"mkdf-accordion-mark\">\n\t\t<span class=\"mkdf_icon_plus icon_plus\"><\/span>\n\t\t<span class=\"mkdf_icon_minus icon_minus-06\"><\/span>\n\t<\/span>\n\t<span class=\"mkdf-tab-title\">Qual \u00e8 il periodo migliore per visitare il Nepal?<\/span>\n<\/h6>\n<div class=\"mkdf-accordion-content\">\n\t<div class=\"mkdf-accordion-content-inner\">\n\t\t[vc_column_text]<\/p>\n<p id=\"tw-target-text\" class=\"tw-data-text tw-text-large XcVN5d tw-ta\" dir=\"ltr\" style=\"text-align: left;\" data-placeholder=\"Translation\">Le stagioni di punta per il trekking sono la primavera (da marzo a maggio) e l&#8217;autunno (da settembre a novembre), quando si ha cielo sereno e splendide viste sulle montagne. Tieni presente che questo \u00e8 anche il momento in cui i sentieri sono pi\u00f9 affollati (anche se ci sono modi per evitare la folla scegliendo percorsi poco battuti). Anche i mesi invernali (da dicembre a febbraio) sono ottimi periodi da visitare &#8211; sebbene il tempo possa essere imprevedibile, questi mesi offrono un&#8217;esperienza unica. Per i parchi nazionali come Chitwan (la regione della giungla meridionale del Nepal), l&#8217;inverno \u00e8 il periodo migliore per visitare quando le temperature sono piacevoli e il fogliame meno denso per consentire migliori avvistamenti della fauna selvatica. I mesi estivi (da giugno ad agosto) sono caldi e caratterizzati dalla presenza dei monsoni. I trekking piu&#8217; classici sono fangosi e spesso le strade impraticabili per le frane, ma il periodo e&#8217; perfetto per visitare specifiche zone come il Mustang.<\/p>\n<p>[\/vc_column_text]\t<\/div>\n<\/div><h6 class=\"mkdf-accordion-title\">\n    <span class=\"mkdf-accordion-mark\">\n\t\t<span class=\"mkdf_icon_plus icon_plus\"><\/span>\n\t\t<span class=\"mkdf_icon_minus icon_minus-06\"><\/span>\n\t<\/span>\n\t<span class=\"mkdf-tab-title\">Di che documentazione ho bisogno per visitare il Nepal?<\/span>\n<\/h6>\n<div class=\"mkdf-accordion-content\">\n\t<div class=\"mkdf-accordion-content-inner\">\n\t\t[vc_column_text]<\/p>\n<p id=\"tw-target-text\" class=\"tw-data-text tw-text-large XcVN5d tw-ta\" dir=\"ltr\" style=\"text-align: left;\" data-placeholder=\"Translation\">Del Visto e dei permessi di Trekking. Per entrambi ce ne occupiamo noi. Causa Covid-19 non sono piu&#8217; rilasciati all&#8217;arrivo ma vanno presentati alle autorita&#8217; consolari del paese di provenienza.<\/p>\n<p>[\/vc_column_text]\t<\/div>\n<\/div><h6 class=\"mkdf-accordion-title\">\n    <span class=\"mkdf-accordion-mark\">\n\t\t<span class=\"mkdf_icon_plus icon_plus\"><\/span>\n\t\t<span class=\"mkdf_icon_minus icon_minus-06\"><\/span>\n\t<\/span>\n\t<span class=\"mkdf-tab-title\">Quanti giorni servono per visitare il Nepal?<\/span>\n<\/h6>\n<div class=\"mkdf-accordion-content\">\n\t<div class=\"mkdf-accordion-content-inner\">\n\t\t[vc_column_text]Almeno una settimana se siete interessati a visitare le principali bellezze naturali e culturali del paese. 10 giorni per un trekking suggestivo. Ma se avete 15 giorni e&#8217; la durata perfetta per mettere assieme le due cose e scoprire i gioielli nascosti del Nepal.[\/vc_column_text]\t<\/div>\n<\/div><h6 class=\"mkdf-accordion-title\">\n    <span class=\"mkdf-accordion-mark\">\n\t\t<span class=\"mkdf_icon_plus icon_plus\"><\/span>\n\t\t<span class=\"mkdf_icon_minus icon_minus-06\"><\/span>\n\t<\/span>\n\t<span class=\"mkdf-tab-title\">Di cosa ho bisogno per il viaggio?<\/span>\n<\/h6>\n<div class=\"mkdf-accordion-content\">\n\t<div class=\"mkdf-accordion-content-inner\">\n\t\t[vc_column_text]<\/p>\n<p id=\"tw-target-text\" class=\"tw-data-text tw-text-large XcVN5d tw-ta\" dir=\"ltr\" style=\"text-align: left;\" data-placeholder=\"Translation\">A seconda del tour o trekking vi manderemo la lista dettagliata di cosa serve o e&#8217; utile portare con se.<\/p>\n<p>[\/vc_column_text]\t<\/div>\n<\/div><h6 class=\"mkdf-accordion-title\">\n    <span class=\"mkdf-accordion-mark\">\n\t\t<span class=\"mkdf_icon_plus icon_plus\"><\/span>\n\t\t<span class=\"mkdf_icon_minus icon_minus-06\"><\/span>\n\t<\/span>\n\t<span class=\"mkdf-tab-title\">Perche&#039; dovrei prendere una guida?<\/span>\n<\/h6>\n<div class=\"mkdf-accordion-content\">\n\t<div class=\"mkdf-accordion-content-inner\">\n\t\t[vc_column_text]La guida non e&#8217; semplicemente qualcuno che ci indica il sentiero. In paesi complessi come il Nepal hanno un ruolo molto piu&#8217; importante, di mediazione nonche&#8217; di supporto e servizio per permettere al visitatore non solo di godere in sicurezza dell&#8217;esperienza di viaggio ma anche di accedere a cose che altrimenti non potrebbe cogliere. Valorizziamo il ruolo della guida come lente\/ponte tra una cultura e l\u2019altra.<\/p>\n<p>Dando priorita\u2019 alla professionalita\u2019, preferiamo sempre risorse a livello locale. Quindi scegliendo una guida si supporta in modo diginitoso l&#8217;economia locale e la crescita professionale.[\/vc_column_text]\t<\/div>\n<\/div><h6 class=\"mkdf-accordion-title\">\n    <span class=\"mkdf-accordion-mark\">\n\t\t<span class=\"mkdf_icon_plus icon_plus\"><\/span>\n\t\t<span class=\"mkdf_icon_minus icon_minus-06\"><\/span>\n\t<\/span>\n\t<span class=\"mkdf-tab-title\">Devo dare la mancia?<\/span>\n<\/h6>\n<div class=\"mkdf-accordion-content\">\n\t<div class=\"mkdf-accordion-content-inner\">\n\t\t[vc_column_text]La politica di Garima Voyage in quanto impresa sociale, \u00e8 quella di limitare il rischio legato alle mance, inadeguate a coprire le necessit\u00e0 del proprio staff in maniera regolare. Per questa ragione, sebbene la pratica comune in Nepal sia offrire mance tra gli 80-100 euro a guide e accompagnatori, noi, aumentando direttamente il salario allo staff, scoraggiamo questa pratica. Se voleste dare qualcosa a titolo personale sappiate comunque che lo staff \u00e8 giustamente retribuito e coperto da assicurazione.<\/p>\n<p>Per quanto riguarda ristoranti la mancia viene solitamente data.[\/vc_column_text]\t<\/div>\n<\/div><h6 class=\"mkdf-accordion-title\">\n    <span class=\"mkdf-accordion-mark\">\n\t\t<span class=\"mkdf_icon_plus icon_plus\"><\/span>\n\t\t<span class=\"mkdf_icon_minus icon_minus-06\"><\/span>\n\t<\/span>\n\t<span class=\"mkdf-tab-title\">\u00c8 sicuro il Nepal?<\/span>\n<\/h6>\n<div class=\"mkdf-accordion-content\">\n\t<div class=\"mkdf-accordion-content-inner\">\n\t\t[vc_column_text]Il Nepal \u00e8 un paese sicuro dal punto di vista di aggressioni a danno di turisti, ma \u00e8 impegnativo dal punto di vista ambientale. I servizi non sono gli stessi disponibili in paesi occidentali quindi bisogna pianificare bene e in anticipo. La politica e&#8217; instabile ma raramente ha ripercussioni sui turisti, al massimo interferisce con i piani di viaggio a causa di scioperi stradali. La situazione sanitaria e&#8217; fragile e richiede attenzione per assunzione cibi e bevande nonche&#8217; per l&#8217;accesso alle cure mediche. Garima Voyage vi aiutera&#8217; a comprendere meglio la situazione senza preoccupazioni.[\/vc_column_text]\t<\/div>\n<\/div><h6 class=\"mkdf-accordion-title\">\n    <span class=\"mkdf-accordion-mark\">\n\t\t<span class=\"mkdf_icon_plus icon_plus\"><\/span>\n\t\t<span class=\"mkdf_icon_minus icon_minus-06\"><\/span>\n\t<\/span>\n\t<span class=\"mkdf-tab-title\">Com\u2019\u00e8 la situazione sanitaria per intraprendere un viaggio?<\/span>\n<\/h6>\n<div class=\"mkdf-accordion-content\">\n\t<div class=\"mkdf-accordion-content-inner\">\n\t\t[vc_column_text]Consigliamo vivamente di dotarsi di un\u2019assicurazione sanitaria anche per situazioni di richiesta di interventi di eli-soccorso, in quanto molto costoso in Nepal. Ci sono strutture sanitarie adeguate ma includere il trasferimento aereo nel proprio paese in caso di incidente o malattia \u00e8 l\u2019opzione migliore.[\/vc_column_text]\t<\/div>\n<\/div><h6 class=\"mkdf-accordion-title\">\n    <span class=\"mkdf-accordion-mark\">\n\t\t<span class=\"mkdf_icon_plus icon_plus\"><\/span>\n\t\t<span class=\"mkdf_icon_minus icon_minus-06\"><\/span>\n\t<\/span>\n\t<span class=\"mkdf-tab-title\">Come posso prevenire il Mal di Montagna e altri malesseri di viaggio?Ci sono vaccinazioni obbligatorie per il Nepal?<\/span>\n<\/h6>\n<div class=\"mkdf-accordion-content\">\n\t<div class=\"mkdf-accordion-content-inner\">\n\t\t[vc_column_text]Il Nepal e&#8217; un paese con problemi di ordine igenico e quindi puo&#8217; influire sulla nostra salute. Inoltre, alcune parti del trekking superano i 2500 mt di altitudine ed \u00e8 comune tra i viaggiatori riscontrare effetti sulla propria salute, indipendentemente da et\u00e0 e livello di fitness. Prima del viaggio \u00e8 dunque importante discutere della propria condizione di salute con il proprio medico e mantenerlo aggiornato durante il viaggio. La guida ha ovviamente le competenze necessarie per intervenire e fornire assistenza di pronto soccorso e per raggiungere la struttura medica pi\u00f9 vicina ma \u00e8 fondamentale che la persona sia la prima a monitorare il proprio livello di salute <u>(sintomi caratteristici del mal di montagna sono: mal di testa, nausea, vomito, battito cardiaco accelerato, fatica a respirare<\/u>).<\/p>\n<p>Per quanto riguarda vaccinazioni e medicinali il visitatore \u00e8 il solo responsabile, deve aggiornarsi e agire di conseguenza. Per il Nepal non esiste alcuna vaccinazione obbligatoria. \u00c8 necessario fare il vaccino per la febbre gialla se provenienti da zone infette. La malaria \u00e8 presente solo nel Tarai (profilassi). Prima di partire si raccomanda di consultare il proprio dottore ed illustrare il luogo e le attivit\u00e0 che si intendono intraprendere. La guida che accompagner\u00e0 lungo i trekking ha una formazione di primo soccorso, ma non \u00e8 un medico e quindi la decisione di prendere o meno un medicinale indicato dalla stessa guida \u00e8 considerata di responsabilit\u00e0 della persona previe informazioni sullo stesso.<\/p>\n<p>Malattie presenti endemiche per le quali sono disponibili vaccini (previo parere medico): epatite A e B, infezioni tifoidee, rabbia, colera, meningite, poliomielite.<\/p>\n<p>Si consiglia: bere solo acqua in bottiglia o bollita e purificata. Non mangiare cibi crudi.<\/p>\n<p>In relazione alla attuale situazione pandemica Covid-19 lo staff di Garima Voyage si impegna a prendere le misure necessarie, igenizzazione mani, distanziamento, mascherine in luoghi affollati. Risulta importante quindi anche la prevenzione e le adeguate misure igeniche da parte di chi viaggia con noi.[\/vc_column_text]\t<\/div>\n<\/div><h6 class=\"mkdf-accordion-title\">\n    <span class=\"mkdf-accordion-mark\">\n\t\t<span class=\"mkdf_icon_plus icon_plus\"><\/span>\n\t\t<span class=\"mkdf_icon_minus icon_minus-06\"><\/span>\n\t<\/span>\n\t<span class=\"mkdf-tab-title\">Posso cambiare itinerario una volta arrivato?<\/span>\n<\/h6>\n<div class=\"mkdf-accordion-content\">\n\t<div class=\"mkdf-accordion-content-inner\">\n\t\t[vc_column_text]Si, una volta a Kathmandu, potremmo discutere di varie alternative, che includono Tibet, Sikkim e Bhutan oltre ad itinerari poco battuti in varie zone del Nepal.[\/vc_column_text]\t<\/div>\n<\/div><h6 class=\"mkdf-accordion-title\">\n    <span class=\"mkdf-accordion-mark\">\n\t\t<span class=\"mkdf_icon_plus icon_plus\"><\/span>\n\t\t<span class=\"mkdf_icon_minus icon_minus-06\"><\/span>\n\t<\/span>\n\t<span class=\"mkdf-tab-title\">Come posso fare del turismo sostenibile?<\/span>\n<\/h6>\n<div class=\"mkdf-accordion-content\">\n\t<div class=\"mkdf-accordion-content-inner\">\n\t\t<a itemprop=\"url\" href=\"https:\/\/garimavoyagetravel.com\/nuovo_sito\/wp-content\/uploads\/2021\/04\/turismo-responsab-ITA-converted.pdf\" target=\"_blank\"  class=\"mkdf-btn mkdf-btn-large mkdf-btn-solid\"  >\n    <span class=\"mkdf-btn-text\">Guida Pratica al Turismo Sostenibile<\/span>\n    <\/a>[vc_column_text]Scarica la nostra Guida Pratica.[\/vc_column_text]\t<\/div>\n<\/div><h6 class=\"mkdf-accordion-title\">\n    <span class=\"mkdf-accordion-mark\">\n\t\t<span class=\"mkdf_icon_plus icon_plus\"><\/span>\n\t\t<span class=\"mkdf_icon_minus icon_minus-06\"><\/span>\n\t<\/span>\n\t<span class=\"mkdf-tab-title\">Qual \u00e8 la differenza tra viaggi privati e di gruppo?<\/span>\n<\/h6>\n<div class=\"mkdf-accordion-content\">\n\t<div class=\"mkdf-accordion-content-inner\">\n\t\t[vc_column_text]<\/p>\n<p id=\"tw-target-text\" class=\"tw-data-text tw-text-large XcVN5d tw-ta\" dir=\"ltr\" data-placeholder=\"Translation\"><span lang=\"it\">I viaggi privati \u200b\u200bsono itinerari su misura costruiti intorno alle date di viaggio e agli interessi personali, mentre i viaggi di gruppo (che \u00e8 ci\u00f2 che offrono la maggior parte delle compagnie turistiche sopratutto per limitare i costi) sono preconfezionati e partono in date specifiche. La nostra specialit\u00e0 \u00e8 creare trekking specifici per ognuno, poich\u00e9 crediamo che questo porti ad un&#8217;esperienza pi\u00f9 significativa e gratificante. Ma per venire incontro alle esigenze di tutti e diminuire il piu possibile i costi proponiamo in alcune date specifiche dei viaggi di gruppo. In tali situazioni, ci assicuriamo le adeguate misure di sicurezza igeniche per la situazione pandemica.<\/span><\/p>\n<p>[\/vc_column_text]\t<\/div>\n<\/div><h6 class=\"mkdf-accordion-title\">\n    <span class=\"mkdf-accordion-mark\">\n\t\t<span class=\"mkdf_icon_plus icon_plus\"><\/span>\n\t\t<span class=\"mkdf_icon_minus icon_minus-06\"><\/span>\n\t<\/span>\n\t<span class=\"mkdf-tab-title\">Devo avere una specifica preparazione fisica per affrontare il trekking?<\/span>\n<\/h6>\n<div class=\"mkdf-accordion-content\">\n\t<div class=\"mkdf-accordion-content-inner\">\n\t\t[vc_column_text]Un viaggio in Asia e&#8217; un&#8217;esperienza alla portata di tutti. A parte flessibilita&#8217; e spirito di adattamento non e&#8217; richiesto nulla di specifico perche&#8217; ognuno puo&#8217; scegliere il percorso piu&#8217; adatto alle proprie capacita&#8217;. Vi aiutiamo noi a scegliere quello piu&#8217; adatto!<\/p>\n<p>Per i trekking, possiamo parlarne insieme e valutare il grado di difficolta&#8217; alla vostra portata che sia comunque un&#8217;avventura piacevole![\/vc_column_text]\t<\/div>\n<\/div><h6 class=\"mkdf-accordion-title\">\n    <span class=\"mkdf-accordion-mark\">\n\t\t<span class=\"mkdf_icon_plus icon_plus\"><\/span>\n\t\t<span class=\"mkdf_icon_minus icon_minus-06\"><\/span>\n\t<\/span>\n\t<span class=\"mkdf-tab-title\">Dove trovo le informazioni relative al Nepal?<\/span>\n<\/h6>\n<div class=\"mkdf-accordion-content\">\n\t<div class=\"mkdf-accordion-content-inner\">\n\t\t[vc_column_text]Le informazioni essenziali (indirizzi utili, documentazione, moneta, cibo e cultura&#8230;) vi verranno comunicate direttamente via email prima del vostro viaggio.[\/vc_column_text]\t<\/div>\n<\/div><\/div>[\/vc_column][\/vc_row]<\/p>\n","protected":false},"excerpt":{"rendered":"<p>[vc_row css=&#8221;.vc_custom_1573634372005{padding-top: 100px !important;padding-bottom: 100px !important;}&#8221;][vc_column][\/vc_column][\/vc_row]<\/p>\n","protected":false},"author":1,"featured_media":0,"parent":0,"menu_order":0,"comment_status":"closed","ping_status":"closed","template":"","meta":[],"acf":[],"_links":{"self":[{"href":"https:\/\/garimavoyagetravel.com\/nuovo_sito\/wp-json\/wp\/v2\/pages\/6422"}],"collection":[{"href":"https:\/\/garimavoyagetravel.com\/nuovo_sito\/wp-json\/wp\/v2\/pages"}],"about":[{"href":"https:\/\/garimavoyagetravel.com\/nuovo_sito\/wp-json\/wp\/v2\/types\/page"}],"author":[{"embeddable":true,"href":"https:\/\/garimavoyagetravel.com\/nuovo_sito\/wp-json\/wp\/v2\/users\/1"}],"replies":[{"embeddable":true,"href":"https:\/\/garimavoyagetravel.com\/nuovo_sito\/wp-json\/wp\/v2\/comments?post=6422"}],"version-history":[{"count":18,"href":"https:\/\/garimavoyagetravel.com\/nuovo_sito\/wp-json\/wp\/v2\/pages\/6422\/revisions"}],"predecessor-version":[{"id":7791,"href":"https:\/\/garimavoyagetravel.com\/nuovo_sito\/wp-json\/wp\/v2\/pages\/6422\/revisions\/7791"}],"wp:attachment":[{"href":"https:\/\/garimavoyagetravel.com\/nuovo_sito\/wp-json\/wp\/v2\/media?parent=6422"}],"curies":[{"name":"wp","href":"https:\/\/api.w.org\/{rel}","templated":true}]}}